{"id":2381,"date":"2023-10-27T13:06:33","date_gmt":"2023-10-27T19:06:33","guid":{"rendered":"https:\/\/electromill.mx\/?page_id=2381"},"modified":"2023-12-09T19:26:40","modified_gmt":"2023-12-10T01:26:40","slug":"servicio-de-taller-electronico","status":"publish","type":"page","link":"https:\/\/electromill.mx\/index.php\/servicios\/servicio-de-taller-electronico\/","title":{"rendered":"Servicio de taller Electromill"},"content":{"rendered":"\t\t<div data-elementor-type=\"wp-page\" data-elementor-id=\"2381\" class=\"elementor elementor-2381\">\n\t\t\t\t\t\t<section class=\"elementor-section elementor-top-section elementor-element elementor-element-24e64fa elementor-section-boxed elementor-section-height-default elementor-section-height-default\" data-id=\"24e64fa\" data-element_type=\"section\" data-e-type=\"section\">\n\t\t\t\t\t\t<div class=\"elementor-container elementor-column-gap-default\">\n\t\t\t\t\t<div class=\"elementor-column elementor-col-100 elementor-top-column elementor-element elementor-element-19c50e6\" data-id=\"19c50e6\" data-element_type=\"column\" data-e-type=\"column\">\n\t\t\t<div class=\"elementor-widget-wrap elementor-element-populated\">\n\t\t\t\t\t\t<div class=\"elementor-element elementor-element-8f41cb6 elementor-widget elementor-widget-heading\" data-id=\"8f41cb6\" data-element_type=\"widget\" data-e-type=\"widget\" data-widget_type=\"heading.default\">\n\t\t\t\t<div class=\"elementor-widget-container\">\n\t\t\t\t\t<h1 class=\"elementor-heading-title elementor-size-default\">servicio de taller  electronico para equipos liquascan<\/h1>\t\t\t\t<\/div>\n\t\t\t\t<\/div>\n\t\t\t\t<div class=\"elementor-element elementor-element-68ffb47 elementor-widget elementor-widget-spacer\" data-id=\"68ffb47\" data-element_type=\"widget\" data-e-type=\"widget\" data-widget_type=\"spacer.default\">\n\t\t\t\t<div class=\"elementor-widget-container\">\n\t\t\t\t\t\t\t<div class=\"elementor-spacer\">\n\t\t\t<div class=\"elementor-spacer-inner\"><\/div>\n\t\t<\/div>\n\t\t\t\t\t\t<\/div>\n\t\t\t\t<\/div>\n\t\t\t\t\t<\/div>\n\t\t<\/div>\n\t\t\t\t\t<\/div>\n\t\t<\/section>\n\t\t\t\t<section class=\"elementor-section elementor-top-section elementor-element elementor-element-dfb1f5a elementor-section-boxed elementor-section-height-default elementor-section-height-default\" data-id=\"dfb1f5a\" data-element_type=\"section\" data-e-type=\"section\">\n\t\t\t\t\t\t<div class=\"elementor-container elementor-column-gap-default\">\n\t\t\t\t\t<div class=\"elementor-column elementor-col-33 elementor-top-column elementor-element elementor-element-a2af241\" data-id=\"a2af241\" data-element_type=\"column\" data-e-type=\"column\">\n\t\t\t<div class=\"elementor-widget-wrap elementor-element-populated\">\n\t\t\t\t\t\t<div class=\"elementor-element elementor-element-69be546 elementor-widget elementor-widget-image\" data-id=\"69be546\" data-element_type=\"widget\" data-e-type=\"widget\" data-widget_type=\"image.default\">\n\t\t\t\t<div class=\"elementor-widget-container\">\n\t\t\t\t\t\t\t\t\t\t\t\t\t\t\t<img fetchpriority=\"high\" decoding=\"async\" width=\"300\" height=\"200\" src=\"https:\/\/electromill.mx\/wp-content\/uploads\/2023\/03\/pexels-alexander-dummer-132700-300x200.jpg\" class=\"attachment-medium size-medium wp-image-1663\" alt=\"\" srcset=\"https:\/\/electromill.mx\/wp-content\/uploads\/2023\/03\/pexels-alexander-dummer-132700-300x200.jpg 300w, https:\/\/electromill.mx\/wp-content\/uploads\/2023\/03\/pexels-alexander-dummer-132700-1024x683.jpg 1024w, https:\/\/electromill.mx\/wp-content\/uploads\/2023\/03\/pexels-alexander-dummer-132700-768x512.jpg 768w, https:\/\/electromill.mx\/wp-content\/uploads\/2023\/03\/pexels-alexander-dummer-132700-1536x1024.jpg 1536w, https:\/\/electromill.mx\/wp-content\/uploads\/2023\/03\/pexels-alexander-dummer-132700-2048x1365.jpg 2048w\" sizes=\"(max-width: 300px) 100vw, 300px\" title=\"\">\t\t\t\t\t\t\t\t\t\t\t\t\t\t\t<\/div>\n\t\t\t\t<\/div>\n\t\t\t\t\t<\/div>\n\t\t<\/div>\n\t\t\t\t<div class=\"elementor-column elementor-col-33 elementor-top-column elementor-element elementor-element-c81d6e2\" data-id=\"c81d6e2\" data-element_type=\"column\" data-e-type=\"column\">\n\t\t\t<div class=\"elementor-widget-wrap elementor-element-populated\">\n\t\t\t\t\t\t<div class=\"elementor-element elementor-element-cacc82b elementor-widget elementor-widget-video\" data-id=\"cacc82b\" data-element_type=\"widget\" data-e-type=\"widget\" data-settings=\"{&quot;youtube_url&quot;:&quot;https:\\\/\\\/youtu.be\\\/U3AIcMg8SNg?feature=shared&quot;,&quot;loop&quot;:&quot;yes&quot;,&quot;video_type&quot;:&quot;youtube&quot;,&quot;controls&quot;:&quot;yes&quot;}\" data-widget_type=\"video.default\">\n\t\t\t\t<div class=\"elementor-widget-container\">\n\t\t\t\t\t\t\t<div class=\"elementor-wrapper elementor-open-inline\">\n\t\t\t<div class=\"elementor-video\"><\/div>\t\t<\/div>\n\t\t\t\t\t\t<\/div>\n\t\t\t\t<\/div>\n\t\t\t\t\t<\/div>\n\t\t<\/div>\n\t\t\t\t<div class=\"elementor-column elementor-col-33 elementor-top-column elementor-element elementor-element-6943e6f\" data-id=\"6943e6f\" data-element_type=\"column\" data-e-type=\"column\">\n\t\t\t<div class=\"elementor-widget-wrap elementor-element-populated\">\n\t\t\t\t\t\t<div class=\"elementor-element elementor-element-4ff84c7 elementor-widget elementor-widget-image\" data-id=\"4ff84c7\" data-element_type=\"widget\" data-e-type=\"widget\" data-widget_type=\"image.default\">\n\t\t\t\t<div class=\"elementor-widget-container\">\n\t\t\t\t\t\t\t\t\t\t\t\t\t\t\t<img decoding=\"async\" width=\"1024\" height=\"576\" src=\"https:\/\/electromill.mx\/wp-content\/uploads\/2023\/11\/taller-liquascan-1024x576.webp\" class=\"attachment-large size-large wp-image-3682\" alt=\"servicio de taller electronico\" srcset=\"https:\/\/electromill.mx\/wp-content\/uploads\/2023\/11\/taller-liquascan-1024x576.webp 1024w, https:\/\/electromill.mx\/wp-content\/uploads\/2023\/11\/taller-liquascan-300x169.webp 300w, https:\/\/electromill.mx\/wp-content\/uploads\/2023\/11\/taller-liquascan-768x432.webp 768w, https:\/\/electromill.mx\/wp-content\/uploads\/2023\/11\/taller-liquascan-1536x864.webp 1536w, https:\/\/electromill.mx\/wp-content\/uploads\/2023\/11\/taller-liquascan.webp 1599w\" sizes=\"(max-width: 1024px) 100vw, 1024px\" title=\"\">\t\t\t\t\t\t\t\t\t\t\t\t\t\t\t<\/div>\n\t\t\t\t<\/div>\n\t\t\t\t\t<\/div>\n\t\t<\/div>\n\t\t\t\t\t<\/div>\n\t\t<\/section>\n\t\t\t\t<section class=\"elementor-section elementor-top-section elementor-element elementor-element-ea1bc20 elementor-section-boxed elementor-section-height-default elementor-section-height-default\" data-id=\"ea1bc20\" data-element_type=\"section\" data-e-type=\"section\">\n\t\t\t\t\t\t<div class=\"elementor-container elementor-column-gap-default\">\n\t\t\t\t\t<div class=\"elementor-column elementor-col-100 elementor-top-column elementor-element elementor-element-2acc2c8\" data-id=\"2acc2c8\" data-element_type=\"column\" data-e-type=\"column\">\n\t\t\t<div class=\"elementor-widget-wrap elementor-element-populated\">\n\t\t\t\t\t\t<div class=\"elementor-element elementor-element-30fa4cc elementor-widget elementor-widget-spacer\" data-id=\"30fa4cc\" data-element_type=\"widget\" data-e-type=\"widget\" data-widget_type=\"spacer.default\">\n\t\t\t\t<div class=\"elementor-widget-container\">\n\t\t\t\t\t\t\t<div class=\"elementor-spacer\">\n\t\t\t<div class=\"elementor-spacer-inner\"><\/div>\n\t\t<\/div>\n\t\t\t\t\t\t<\/div>\n\t\t\t\t<\/div>\n\t\t\t\t<div class=\"elementor-element elementor-element-241362f elementor-widget elementor-widget-text-editor\" data-id=\"241362f\" data-element_type=\"widget\" data-e-type=\"widget\" data-widget_type=\"text-editor.default\">\n\t\t\t\t<div class=\"elementor-widget-container\">\n\t\t\t\t\t\t\t\t\t<h2 style=\"text-align: center;\"><span style=\"font-style: inherit; font-weight: inherit; background-color: var(--ast-global-color-4); color: var(--ast-global-color-3);\">Presentando el Centro de Servicio de taller electronico Electromill para Registros Electr\u00f3nicos de Gas LP<\/span><\/h2><p>\u00bfEst\u00e1 buscando potenciar su negocio de distribuci\u00f3n de <a href=\"https:\/\/electromill.mx\/index.php\/productos\/equipos-para-gas-lp\/\">Gas LP<\/a> con un servicio excepcional de mantenimiento de <a href=\"https:\/\/electromill.mx\/index.php\/productos\/registro-para-medidor-de-gas-lp\/\">registros<\/a> electr\u00f3nicos? \u00a1No busque m\u00e1s! Nuestro Servicio de Taller para <a href=\"https:\/\/electromill.mx\/\">Equipos<\/a> Electromill es su destino \u00fanico para un servicio excepcional. Con un equipo de t\u00e9cnicos altamente capacitados y tecnolog\u00eda de vanguardia, nos aseguramos de que sus registros electr\u00f3nicos permanezcan en condiciones \u00f3ptimas, respaldando el funcionamiento sin problemas de su negocio de distribuci\u00f3n de Gas LP.<\/p><h3>Eleve la Eficiencia y la Confiabilidad<\/h3><p>En el mundo din\u00e1mico de la distribuci\u00f3n de Gas LP, la eficiencia es clave. Nuestro centro de servicio de Electromill ofrece reparaciones avanzadas de registros electr\u00f3nicos y mantenimiento regular. Esto se traduce en una mayor eficiencia, menos tiempo de inactividad y una confiabilidad impecable. Puede contar con nosotros para que su negocio funcione sin problemas.<\/p><h3>Mant\u00e9ngase a la Vanguardia con Tecnolog\u00eda Avanzada<\/h3><p>En Electromill, estamos comprometidos a estar a la vanguardia de los avances tecnol\u00f3gicos. No solo reparamos registros electr\u00f3nicos; los mejoramos. Al implementar tecnolog\u00eda de vanguardia, garantizamos que sus registros cumplan con los est\u00e1ndares m\u00e1s altos, convirtiendo su negocio de distribuci\u00f3n de Gas LP en un l\u00edder en el campo.<\/p><h3>Experiencia en la que Puede Confiar<\/h3><p>La confiabilidad es el n\u00facleo de lo que hacemos. Electromill ha ganado una reputaci\u00f3n por ser un socio confiable. Entendemos las necesidades \u00fanicas de los negocios de distribuci\u00f3n de Gas LP, y nuestro equipo de expertos est\u00e1 dedicado a brindar excelencia en cada trabajo de reparaci\u00f3n y mantenimiento.<\/p><h3>Buen Precio<\/h3><p>La calidad no tiene por qu\u00e9 tener un precio elevado. Electromill ofrece soluciones econ\u00f3micas que logran el equilibrio perfecto entre calidad y rentabilidad. Nuestros servicios est\u00e1n dise\u00f1ados para ayudarle a maximizar la rentabilidad sin vaciar su bolsillo.<\/p><p>\u00bfListo para transformar su negocio de distribuci\u00f3n de Gas LP? Elija Electromill, donde la eficiencia, la confiabilidad y la tecnolog\u00eda avanzada convergen para garantizar su \u00e9xito.<\/p><p>Impulse su negocio de Gas LP con Electromill, su socio de confianza en el mantenimiento de registros electr\u00f3nicos.<\/p>\t\t\t\t\t\t\t\t<\/div>\n\t\t\t\t<\/div>\n\t\t\t\t<div class=\"elementor-element elementor-element-2008ce9 elementor-align-center elementor-widget elementor-widget-button\" data-id=\"2008ce9\" data-element_type=\"widget\" data-e-type=\"widget\" data-widget_type=\"button.default\">\n\t\t\t\t<div class=\"elementor-widget-container\">\n\t\t\t\t\t\t\t\t\t<div class=\"elementor-button-wrapper\">\n\t\t\t\t\t<a class=\"elementor-button elementor-button-link elementor-size-sm\" href=\"https:\/\/electromill.mx\/index.php\/contacto\/\">\n\t\t\t\t\t\t<span class=\"elementor-button-content-wrapper\">\n\t\t\t\t\t\t\t\t\t<span class=\"elementor-button-text\">contactanos<\/span>\n\t\t\t\t\t<\/span>\n\t\t\t\t\t<\/a>\n\t\t\t\t<\/div>\n\t\t\t\t\t\t\t\t<\/div>\n\t\t\t\t<\/div>\n\t\t\t\t\t<\/div>\n\t\t<\/div>\n\t\t\t\t\t<\/div>\n\t\t<\/section>\n\t\t\t\t<section class=\"elementor-section elementor-top-section elementor-element elementor-element-52daeb1 elementor-section-boxed elementor-section-height-default elementor-section-height-default\" data-id=\"52daeb1\" data-element_type=\"section\" data-e-type=\"section\">\n\t\t\t\t\t\t<div class=\"elementor-container elementor-column-gap-default\">\n\t\t\t\t\t<div class=\"elementor-column elementor-col-100 elementor-top-column elementor-element elementor-element-9ae62f7\" data-id=\"9ae62f7\" data-element_type=\"column\" data-e-type=\"column\">\n\t\t\t<div class=\"elementor-widget-wrap elementor-element-populated\">\n\t\t\t\t\t\t<div class=\"elementor-element elementor-element-cbe73e0 elementor-widget elementor-widget-heading\" data-id=\"cbe73e0\" data-element_type=\"widget\" data-e-type=\"widget\" data-widget_type=\"heading.default\">\n\t\t\t\t<div class=\"elementor-widget-container\">\n\t\t\t\t\t<h2 class=\"elementor-heading-title elementor-size-default\"><a href=\"https:\/\/electromill.mx\/index.php\/servicios\/gestoria-de-permisos-federales\/\">gestionamos tus permisos federales para venta de gas lp. <\/a><\/h2>\t\t\t\t<\/div>\n\t\t\t\t<\/div>\n\t\t\t\t<div class=\"elementor-element elementor-element-15decc8 elementor-arrows-position-inside elementor-pagination-position-outside elementor-widget elementor-widget-image-carousel\" data-id=\"15decc8\" data-element_type=\"widget\" data-e-type=\"widget\" data-settings=\"{&quot;slides_to_show&quot;:&quot;3&quot;,&quot;autoplay_speed&quot;:2000,&quot;navigation&quot;:&quot;both&quot;,&quot;autoplay&quot;:&quot;yes&quot;,&quot;pause_on_hover&quot;:&quot;yes&quot;,&quot;pause_on_interaction&quot;:&quot;yes&quot;,&quot;infinite&quot;:&quot;yes&quot;,&quot;speed&quot;:500}\" data-widget_type=\"image-carousel.default\">\n\t\t\t\t<div class=\"elementor-widget-container\">\n\t\t\t\t\t\t\t<div class=\"elementor-image-carousel-wrapper swiper\" role=\"region\" aria-roledescription=\"carousel\" aria-label=\"Carrusel de Im\u00e1genes\" dir=\"ltr\">\n\t\t\t<div class=\"elementor-image-carousel swiper-wrapper\" aria-live=\"off\">\n\t\t\t\t\t\t\t\t<div class=\"swiper-slide\" role=\"group\" aria-roledescription=\"slide\" aria-label=\"1 de 6\"><a data-elementor-open-lightbox=\"yes\" data-elementor-lightbox-slideshow=\"15decc8\" data-elementor-lightbox-title=\"asea-logo\" data-elementor-lightbox-description=\"ASEA - Agencia de Seguridad, Energ\u00eda y Ambiente. ASEA es una entidad especializada que se dedica a garantizar la seguridad y la protecci\u00f3n del medio ambiente en la industria energ\u00e9tica. \" data-e-action-hash=\"#elementor-action%3Aaction%3Dlightbox%26settings%3DeyJpZCI6MjMzNiwidXJsIjoiaHR0cHM6XC9cL2VsZWN0cm9taWxsLm14XC93cC1jb250ZW50XC91cGxvYWRzXC8yMDIzXC8xMFwvYXNlYS1sb2dvLndlYnAiLCJzbGlkZXNob3ciOiIxNWRlY2M4In0%3D\" href=\"http:\/\/Creaci\u00f3n%20de%20veh\u00edculos%20para%20transporte%20de%20gas%20LP\"><figure class=\"swiper-slide-inner\"><img decoding=\"async\" class=\"swiper-slide-image\" src=\"https:\/\/electromill.mx\/wp-content\/uploads\/2023\/10\/asea-logo-300x124.webp\" alt=\"ASEA - Agencia de Seguridad, Energ\u00eda y Ambiente. ASEA es una entidad especializada que se dedica a garantizar la seguridad y la protecci\u00f3n del medio ambiente en la industria energ\u00e9tica.\" title=\"\"><\/figure><\/a><\/div><div class=\"swiper-slide\" role=\"group\" aria-roledescription=\"slide\" aria-label=\"2 de 6\"><a data-elementor-open-lightbox=\"yes\" data-elementor-lightbox-slideshow=\"15decc8\" data-elementor-lightbox-title=\"cre\" data-e-action-hash=\"#elementor-action%3Aaction%3Dlightbox%26settings%3DeyJpZCI6MjMzNSwidXJsIjoiaHR0cHM6XC9cL2VsZWN0cm9taWxsLm14XC93cC1jb250ZW50XC91cGxvYWRzXC8yMDIzXC8xMFwvY3JlLnBuZyIsInNsaWRlc2hvdyI6IjE1ZGVjYzgifQ%3D%3D\" href=\"http:\/\/Creaci\u00f3n%20de%20veh\u00edculos%20para%20transporte%20de%20gas%20LP\"><figure class=\"swiper-slide-inner\"><img decoding=\"async\" class=\"swiper-slide-image\" src=\"https:\/\/electromill.mx\/wp-content\/uploads\/2023\/10\/cre.png\" alt=\"Regula la operacion de Equipos para Gas LP en la distribucion\" title=\"\"><\/figure><\/a><\/div><div class=\"swiper-slide\" role=\"group\" aria-roledescription=\"slide\" aria-label=\"3 de 6\"><a data-elementor-open-lightbox=\"yes\" data-elementor-lightbox-slideshow=\"15decc8\" data-elementor-lightbox-title=\"LOGO_PROFEPA\" data-e-action-hash=\"#elementor-action%3Aaction%3Dlightbox%26settings%3DeyJpZCI6MjMzNCwidXJsIjoiaHR0cHM6XC9cL2VsZWN0cm9taWxsLm14XC93cC1jb250ZW50XC91cGxvYWRzXC8yMDIzXC8xMFwvTE9HT19QUk9GRVBBLnBuZyIsInNsaWRlc2hvdyI6IjE1ZGVjYzgifQ%3D%3D\" href=\"http:\/\/Creaci\u00f3n%20de%20veh\u00edculos%20para%20transporte%20de%20gas%20LP\"><figure class=\"swiper-slide-inner\"><img decoding=\"async\" class=\"swiper-slide-image\" src=\"https:\/\/electromill.mx\/wp-content\/uploads\/2023\/10\/LOGO_PROFEPA-300x139.png\" alt=\"https:\/\/www.gob.mx\/profepa\" title=\"\"><\/figure><\/a><\/div><div class=\"swiper-slide\" role=\"group\" aria-roledescription=\"slide\" aria-label=\"4 de 6\"><a data-elementor-open-lightbox=\"yes\" data-elementor-lightbox-slideshow=\"15decc8\" data-elementor-lightbox-title=\"stps-1\" data-e-action-hash=\"#elementor-action%3Aaction%3Dlightbox%26settings%3DeyJpZCI6MjMzMywidXJsIjoiaHR0cHM6XC9cL2VsZWN0cm9taWxsLm14XC93cC1jb250ZW50XC91cGxvYWRzXC8yMDIzXC8xMFwvc3Rwcy0xLnBuZyIsInNsaWRlc2hvdyI6IjE1ZGVjYzgifQ%3D%3D\" href=\"http:\/\/Creaci\u00f3n%20de%20veh\u00edculos%20para%20transporte%20de%20gas%20LP\"><figure class=\"swiper-slide-inner\"><img decoding=\"async\" class=\"swiper-slide-image\" src=\"https:\/\/electromill.mx\/wp-content\/uploads\/2023\/10\/stps-1-300x83.png\" alt=\"https:\/\/www.gob.mx\/stps\" title=\"\"><\/figure><\/a><\/div><div class=\"swiper-slide\" role=\"group\" aria-roledescription=\"slide\" aria-label=\"5 de 6\"><a data-elementor-open-lightbox=\"yes\" data-elementor-lightbox-slideshow=\"15decc8\" data-elementor-lightbox-title=\"sener\" data-e-action-hash=\"#elementor-action%3Aaction%3Dlightbox%26settings%3DeyJpZCI6MjMzMiwidXJsIjoiaHR0cHM6XC9cL2VsZWN0cm9taWxsLm14XC93cC1jb250ZW50XC91cGxvYWRzXC8yMDIzXC8xMFwvc2VuZXIucG5nIiwic2xpZGVzaG93IjoiMTVkZWNjOCJ9\" href=\"http:\/\/Creaci\u00f3n%20de%20veh\u00edculos%20para%20transporte%20de%20gas%20LP\"><figure class=\"swiper-slide-inner\"><img decoding=\"async\" class=\"swiper-slide-image\" src=\"https:\/\/electromill.mx\/wp-content\/uploads\/2023\/10\/sener.png\" alt=\"https:\/\/www.gob.mx\/sener\" title=\"\"><\/figure><\/a><\/div><div class=\"swiper-slide\" role=\"group\" aria-roledescription=\"slide\" aria-label=\"6 de 6\"><a data-elementor-open-lightbox=\"yes\" data-elementor-lightbox-slideshow=\"15decc8\" data-elementor-lightbox-title=\"Secretar\u00eda de Medio Ambiente y Recursos Naturales\" data-elementor-lightbox-description=\"\u00bfQu\u00e9 hace la Secretaria de Medio Ambiente y Recursos Naturales?\nLa conservaci\u00f3n y aprovechamiento sustentable de los ecosistemas y su biodiversidad. La prevenci\u00f3n y control de la contaminaci\u00f3n. La gesti\u00f3n integral de los recursos h\u00eddricos. El combate al cambio clim\u00e1tico.\" data-e-action-hash=\"#elementor-action%3Aaction%3Dlightbox%26settings%3DeyJpZCI6MjMyNiwidXJsIjoiaHR0cHM6XC9cL2VsZWN0cm9taWxsLm14XC93cC1jb250ZW50XC91cGxvYWRzXC8yMDIzXC8xMFwvNTEycHgtU0VNQVJOQVRfTG9nb18yMDE5LnN2Zy5wbmciLCJzbGlkZXNob3ciOiIxNWRlY2M4In0%3D\" href=\"http:\/\/Creaci\u00f3n%20de%20veh\u00edculos%20para%20transporte%20de%20gas%20LP\"><figure class=\"swiper-slide-inner\"><img decoding=\"async\" class=\"swiper-slide-image\" src=\"https:\/\/electromill.mx\/wp-content\/uploads\/2023\/10\/512px-SEMARNAT_Logo_2019.svg-300x54.png\" alt=\"semarnat\" title=\"\"><\/figure><\/a><\/div>\t\t\t<\/div>\n\t\t\t\t\t\t\t\t\t\t\t\t<div class=\"elementor-swiper-button elementor-swiper-button-prev\" role=\"button\" tabindex=\"0\">\n\t\t\t\t\t\t<i aria-hidden=\"true\" class=\"eicon-chevron-left\"><\/i>\t\t\t\t\t<\/div>\n\t\t\t\t\t<div class=\"elementor-swiper-button elementor-swiper-button-next\" role=\"button\" tabindex=\"0\">\n\t\t\t\t\t\t<i aria-hidden=\"true\" class=\"eicon-chevron-right\"><\/i>\t\t\t\t\t<\/div>\n\t\t\t\t\n\t\t\t\t\t\t\t\t\t<div class=\"swiper-pagination\"><\/div>\n\t\t\t\t\t\t\t\t\t<\/div>\n\t\t\t\t\t\t<\/div>\n\t\t\t\t<\/div>\n\t\t\t\t<div class=\"elementor-element elementor-element-a661caf elementor-align-center elementor-widget elementor-widget-button\" data-id=\"a661caf\" data-element_type=\"widget\" data-e-type=\"widget\" data-widget_type=\"button.default\">\n\t\t\t\t<div class=\"elementor-widget-container\">\n\t\t\t\t\t\t\t\t\t<div class=\"elementor-button-wrapper\">\n\t\t\t\t\t<a class=\"elementor-button elementor-button-link elementor-size-sm\" href=\"https:\/\/electromill.mx\/index.php\/servicios\/gestoria-de-permisos-federales\/\">\n\t\t\t\t\t\t<span class=\"elementor-button-content-wrapper\">\n\t\t\t\t\t\t\t\t\t<span class=\"elementor-button-text\">mas informes<\/span>\n\t\t\t\t\t<\/span>\n\t\t\t\t\t<\/a>\n\t\t\t\t<\/div>\n\t\t\t\t\t\t\t\t<\/div>\n\t\t\t\t<\/div>\n\t\t\t\t\t<\/div>\n\t\t<\/div>\n\t\t\t\t\t<\/div>\n\t\t<\/section>\n\t\t\t\t<\/div>\n\t\t","protected":false},"excerpt":{"rendered":"<p>servicio de taller electronico para equipos liquascan Presentando el Centro de Servicio de taller electronico Electromill para Registros Electr\u00f3nicos de Gas LP \u00bfEst\u00e1 buscando potenciar su negocio de distribuci\u00f3n de Gas LP con un servicio excepcional de mantenimiento de registros electr\u00f3nicos? \u00a1No busque m\u00e1s! Nuestro Servicio de Taller para Equipos Electromill es su destino \u00fanico [&hellip;]<\/p>\n","protected":false},"author":1,"featured_media":0,"parent":1521,"menu_order":0,"comment_status":"closed","ping_status":"closed","template":"elementor_theme","meta":{"site-sidebar-layout":"no-sidebar","site-content-layout":"page-builder","ast-site-content-layout":"full-width-container","site-content-style":"default","site-sidebar-style":"default","ast-global-header-display":"","ast-banner-title-visibility":"","ast-main-header-display":"","ast-hfb-above-header-display":"","ast-hfb-below-header-display":"","ast-hfb-mobile-header-display":"","site-post-title":"disabled","ast-breadcrumbs-content":"","ast-featured-img":"disabled","footer-sml-layout":"","ast-disable-related-posts":"","theme-transparent-header-meta":"","adv-header-id-meta":"","stick-header-meta":"","header-above-stick-meta":"","header-main-stick-meta":"","header-below-stick-meta":"","astra-migrate-meta-layouts":"set","ast-page-background-enabled":"default","ast-page-background-meta":{"desktop":{"background-color":"","background-image":"","background-repeat":"repeat","background-position":"center center","background-size":"auto","background-attachment":"scroll","background-type":"","background-media":"","overlay-type":"","overlay-color":"","overlay-opacity":"","overlay-gradient":""},"tablet":{"background-color":"","background-image":"","background-repeat":"repeat","background-position":"center center","background-size":"auto","background-attachment":"scroll","background-type":"","background-media":"","overlay-type":"","overlay-color":"","overlay-opacity":"","overlay-gradient":""},"mobile":{"background-color":"","background-image":"","background-repeat":"repeat","background-position":"center center","background-size":"auto","background-attachment":"scroll","background-type":"","background-media":"","overlay-type":"","overlay-color":"","overlay-opacity":"","overlay-gradient":""}},"ast-content-background-meta":{"desktop":{"background-color":"var(--ast-global-color-5)","background-image":"","background-repeat":"repeat","background-position":"center center","background-size":"auto","background-attachment":"scroll","background-type":"","background-media":"","overlay-type":"","overlay-color":"","overlay-opacity":"","overlay-gradient":""},"tablet":{"background-color":"var(--ast-global-color-5)","background-image":"","background-repeat":"repeat","background-position":"center center","background-size":"auto","background-attachment":"scroll","background-type":"","background-media":"","overlay-type":"","overlay-color":"","overlay-opacity":"","overlay-gradient":""},"mobile":{"background-color":"var(--ast-global-color-5)","background-image":"","background-repeat":"repeat","background-position":"center center","background-size":"auto","background-attachment":"scroll","background-type":"","background-media":"","overlay-type":"","overlay-color":"","overlay-opacity":"","overlay-gradient":""}},"footnotes":""},"class_list":["post-2381","page","type-page","status-publish","hentry"],"_links":{"self":[{"href":"https:\/\/electromill.mx\/index.php\/wp-json\/wp\/v2\/pages\/2381","targetHints":{"allow":["GET"]}}],"collection":[{"href":"https:\/\/electromill.mx\/index.php\/wp-json\/wp\/v2\/pages"}],"about":[{"href":"https:\/\/electromill.mx\/index.php\/wp-json\/wp\/v2\/types\/page"}],"author":[{"embeddable":true,"href":"https:\/\/electromill.mx\/index.php\/wp-json\/wp\/v2\/users\/1"}],"replies":[{"embeddable":true,"href":"https:\/\/electromill.mx\/index.php\/wp-json\/wp\/v2\/comments?post=2381"}],"version-history":[{"count":0,"href":"https:\/\/electromill.mx\/index.php\/wp-json\/wp\/v2\/pages\/2381\/revisions"}],"up":[{"embeddable":true,"href":"https:\/\/electromill.mx\/index.php\/wp-json\/wp\/v2\/pages\/1521"}],"wp:attachment":[{"href":"https:\/\/electromill.mx\/index.php\/wp-json\/wp\/v2\/media?parent=2381"}],"curies":[{"name":"wp","href":"https:\/\/api.w.org\/{rel}","templated":true}]}}